{"id":225,"date":"2021-04-27T06:26:07","date_gmt":"2021-04-27T06:26:07","guid":{"rendered":"https:\/\/hoteltimisoara.ro\/gdpr\/"},"modified":"2021-08-25T14:36:00","modified_gmt":"2021-08-25T11:36:00","slug":"gdpr","status":"publish","type":"page","link":"https:\/\/hoteltimisoara.ro\/en\/gdpr\/","title":{"rendered":"GDPR"},"content":{"rendered":"\n<p>POLITICA DE PRELUCRARE \u0218I PROTEC\u021aIE A DATELOR CU CARACTER PERSONAL<\/p>\n\n\n\n<ol class=\"wp-block-list\"><li>Ce presupune politica de prelucrare \u0219i protec\u021bie a datelor cu caracter personal?<\/li><\/ol>\n\n\n\n<hr class=\"wp-block-separator\"\/>\n\n\n\n<ul class=\"wp-block-list\"><li>Scopul acestei Politici este s\u0103 v\u0103 explice ce date prelucr\u0103m, de ce le prelucr\u0103m \u0219i ce facem cu ele.<\/li><li>Societatea noastr\u0103 utilizeaz\u0103 mijloace tehnice pentru stocarea datelor \u00een condi\u021bii de securitate.<\/li><li>Societatea noastr\u0103 nu va dezv\u0103lui datele cu caracter personal dec\u00e2t pentru realizarea intereselor dvs. \u0219i \u00eendeplinirea obliga\u021biilor legale.<\/li><li>Lu\u0103m \u00een serios confiden\u021bialitatea \u0219i nu vindem niciodat\u0103 liste sau adrese de e-mail.<\/li><li>Depunem toate eforturile s\u0103 stoc\u0103m \u00een siguran\u021b\u0103 \u0219i s\u0103 prelucr\u0103m cu aten\u021bie datele dvs. cu caracter personal. Nu oferim date cu caracter personal unor p\u0103r\u021bi ter\u021be f\u0103r\u0103 acordul dumneavoastr\u0103.<\/li><li>Putem folosi datele dumneavoastr\u0103 cu caracter personal pentru a lua decizii automatizate sau \u00een procese de profilare automata.<\/li><li>Trimiterea unui mesaj prin intermediul acestui site confirm\u0103 faptul c\u0103 a\u021bi acceptat condi\u021biile prezentate mai jos. Dac\u0103 nu sunte\u021bi de acord cu acestea, v\u0103 rug\u0103m s\u0103 nu continua\u021bi accesarea Site-ului si\/sau s\u0103 ne trimite\u021bi un mesaj.<\/li><\/ul>\n\n\n\n<ol class=\"wp-block-list\" start=\"2\"><li>Cine suntem noi \u0219i cum s\u0103 ne contacta\u0163i<\/li><\/ol>\n\n\n\n<hr class=\"wp-block-separator\"\/>\n\n\n\n<p>SOCIETATEA Bega Turism S.A.<br>Sediu: strada Marasesti nr. 1-3, Timisoara, jud. Timis<br>E-mail: office@hoteltimisoara.ro<\/p>\n\n\n\n<ol class=\"wp-block-list\" start=\"3\"><li>Explica\u0163ii cu privire la termenii \u0219i expresiile utiliza\u0163i \u00een prezenta Politic\u0103<\/li><\/ol>\n\n\n\n<hr class=\"wp-block-separator\"\/>\n\n\n\n<ul class=\"wp-block-list\"><li>Operator de date cu caracter personal \u2013 Operatorul responsabil pentru prelucrarea datelor cu caracter personal \u00een sensul Regulamentului referitor la protec\u021bia datelor cu caracter personal nr. 679\/2016 este Societatea Bega Turism S.A.<\/li><li>Persoana vizata in sensul Regulamentului referitor la protec\u021bia datelor cu caracter personal nr. 679\/2016 \u2013 persoana fizica identificata sau identificabila (care poate fi identificata, direct sau indirect, in special prin referire la un element de identificare: nume, numar de identificare, date de localizare, un identificator online, sau la unul\/mai multe elemente specifice, proprii identitatii sale fizice, fiziologice, genetice, psihice, economice, culturale sau sociale).<\/li><li>Persoana vizata poate fi solicitantul unui serviciu oferit de catre Operator, precum si orice alta persoana fizica ale carei date cu caracter personal sunt transmise catre Operator (cu titlu exemplificativ un client sau potential client, un utilizator al site-ului Operatorului etc.).<\/li><li>Prelucrarea datelor personale \u00eenseamn\u0103 orice opera\u021biune sau set de opera\u021biuni efectuateasupra datelor cu caracter personal sau asupra seturilor de date cu caracter personal, cu sau f\u0103r\u0103 utilizarea de mijloace automate, cum ar fi colectarea, \u00eenregistrarea, organizarea, structurarea, stocarea, adaptarea sau modificarea, extragerea, consultarea, utilizarea, divulgarea prin transmitere, diseminarea sau punerea la dispozitie in orice alt mod, alinierea sau combinarea, restrictionarea, stergerea sau distrugerea.<\/li><li>Creare de profiluri \u00eenseamn\u0103 orice form\u0103 de prelucrare automat\u0103 a datelor cu caracter personal care const\u0103 \u00een utilizarea datelor cu caracter personal pentru a evalua anumite aspecte personale referitoare la persoan\u0103 fizic\u0103, \u00een special pentru a analiza sau prevedea aspecte privind performan\u021ba la locul de munc\u0103, situa\u021bia economic\u0103, s\u0103n\u0103tatea, preferin\u021bele personale, interesele, fiabilitatea, comportamentul, locul \u00een care se afl\u0103 persoana fizic\u0103 respectiv\u0103 sau deplas\u0103rile acesteia.<\/li><li>\u00cenc\u0103lcarea securit\u0103\u021bii datelor cu caracter personal sau bre\u0219\u0103 de securitate \u00eenseamn\u0103 o \u00eenc\u0103lcare a securit\u0103\u021bii care duce, \u00een mod accidental sau ilegal, la distrugerea, pierderea, modificarea sau divulgarea neautorizat\u0103 a datelor cu caracter personal transmise, stocate sau prelucrate \u00eentr-un alt mod sau la accesul neautorizat la acestea.<\/li><li>\u00cen conformitate cu prevederile Regulamentului nr. 679\/2016 privind protec\u021bia persoanelor fizice \u00een ceea ce priveste prelucrarea datelor cu caracter personal, \u00een rela\u021bia dintre societatea Bega Turism S.A. \u0219i dumneavoastr\u0103, dvs. ave\u021bi calitatea de persoan\u0103 vizat\u0103, iar societatea Bega Turism S.A de\u021bine calitatea de operator de date.<\/li><\/ul>\n\n\n\n<ol class=\"wp-block-list\" start=\"4\"><li>Ce date cu caracter personal prelucr\u0103m?<\/li><\/ol>\n\n\n\n<hr class=\"wp-block-separator\"\/>\n\n\n\n<p>Colect\u0103m datele dvs. cu caracter personal solicitate prin rubrica \u2018\u2018Contact\u2018\u2018, respectiv<br>numele, prenumele, e-mailul \u0219i num\u0103rul dvs. de telefon, localitate, pe care ni le furniza\u021bi<br>odat\u0103 cu trimiterea unui mesaj prin intermediul rubricii \u2018\u2018Contact\u2018\u2018 .<\/p>\n\n\n\n<ol class=\"wp-block-list\" start=\"5\"><li>De ce \u0219i cum prelucr\u0103m datele dvs. personale?<\/li><\/ol>\n\n\n\n<hr class=\"wp-block-separator\"\/>\n\n\n\n<ul class=\"wp-block-list\"><li>Prelucr\u0103m email-ul dvs. pentru transmiterea datelor solicitate in cadrul website-ului, pentru a v\u0103 putea furniza un raspuns la mesajul pe care dvs. ni-l trimite\u021bi, pentru comunicare cu dvs., pentru desf\u0103\u0219urarea activit\u0103\u0163ii noastre legitime.<\/li><li>Prelucr\u0103m numele \u0219i prenumele dvs. pentru a cunoa\u0219te expeditorul mesajului, astfel \u00eenc\u00e2t s\u0103 putem comunica cu dvs., pentru desf\u0103\u0219urarea activit\u0103\u0163ii noastre legitime.<\/li><li>Prelucr\u0103m num\u0103rul dvs. de telefon pentru a putea lua leg\u0103tura cu dvs. c\u00e2t mai repede \u0219i pentru a putea stabili eventuale \u00eent\u00e2lniri, pentru comunicare cu dvs., pentru desf\u0103\u0219urarea activit\u0103\u0163ii noastre legitime.<\/li><li>Prelucr\u0103m continutul mesajelor scrise de dumneavoastr\u0103 pe pagina de internet hoteltimisoara.ro, pe adresa noastr\u0103 de e-mail \u0219i datele transmise de c\u0103tre dumneavoastr\u0103 pentru ca acest con\u021binut este necesar pentru a v\u0103 putea r\u0103spunde personalizat \u0219i a v\u0103 oferi solu\u021bii adaptate situa\u021biei dvs. particulare.<\/li><li>Colectarea acestor date personale si texte ale mesajelor scrise de dumneavoastr\u0103 \u00een pagina de internet hoteltimisoara.ro \u0219i pe adresa noastr\u0103 de e-mail este urmarea unei ac\u0163iuni prin care dumneavoastr\u0103 alege\u0163i s\u0103 ne trimite\u021bi un mesaj, iar prelucrarea acestor date se va face \u00een temeiul dispozi\u021biilor art. 6 alin.1 lit. f) din Regulamentul nr. 679\/2016 referitor la prelucrarea datelor cu caracter personal, respectiv pentru interesul legitim al subscrisei, av\u00e2nd \u00een vedere obiectul nostru de activitate.<\/li><\/ul>\n\n\n\n<ol class=\"wp-block-list\" start=\"6\"><li>Care este temeiul legal pentru prelucrarea datelor dumneavoastr\u0103 personale?<\/li><\/ol>\n\n\n\n<hr class=\"wp-block-separator\"\/>\n\n\n\n<ul class=\"wp-block-list\"><li>Prelucrarea datelor dumneavoastr\u0103 personale transmise prin intermediul mesajelor prin intermediul rubricii \u2018\u2018Contact\u2018\u2018 este reprezentat de art. 6 alin.1 lit. f) din Regulamentul nr. 679\/2016 referitor la prelucrarea datelor cu caracter personal, respectiv pentru pentru interesul legitim al subscrisei, av\u00e2nd \u00een vedere obiectul nostru de activitate, descries la punctul 5 din prezenta.<\/li><li>Stocarea \u0219i arhivarea datelor cu caracter personal transmise de dumneavoastr\u0103 este realizat\u0103 de c\u0103tre subscrisa \u00een temeiul art. 6 alin. 1 lit. c) din Regulamentul nr. 679\/2016 referitor la prelucrarea datelor cu caracter personal, respectiv pentru \u00eendeplinirea obliga\u021biilor legale ale subscrisei.<\/li><li>Dac\u0103 \u00een urma discu\u021biilor purtate cu dvs., vom \u00eencheia un contract, acesta va cuprinde not\u0103 de informare referitoare la protec\u021bia datelor cu caracter personal \u00een care v\u0103 vor fi f\u0103cute cunoscute toate temeiurile legale \u00een baza c\u0103rora datele dvs. vor fi prelucrate treptat: acordare serviciu, stocare, arhivare, \u0219tergere, etc.<\/li><\/ul>\n\n\n\n<hr class=\"wp-block-separator\"\/>\n\n\n\n<ol class=\"wp-block-list\" start=\"7\"><li>Despre scopurile pentru care prelucr\u0103m date personale<\/li><\/ol>\n\n\n\n<hr class=\"wp-block-separator\"\/>\n\n\n\n<p>Prelucr\u0103m datele dvs. personale pentru scopurile descrise \u00een Sectiunea 5.<br>Scopurile noastre, pentru care prelucr\u0103m date personale sunt:<\/p>\n\n\n\n<ul class=\"wp-block-list\"><li>reale;<\/li><li>prezente;<\/li><li>legitime.<br>V\u0103 inform\u0103m \u00eenainte de prelucrarea datelor dvs. personale \u00een scopuri secundare:<\/li><li>dac\u0103 colect\u0103m ini\u0163ial datele dvs. personale pentru un scop principal;<\/li><li>dac\u0103 scopul nostru secundar este incompatibil cu scopul principal.<\/li><\/ul>\n\n\n\n<ol class=\"wp-block-list\" start=\"8\"><li>C\u00e2t timp p\u0103str\u0103m datele dvs. personale?<\/li><\/ol>\n\n\n\n<hr class=\"wp-block-separator\"\/>\n\n\n\n<ul class=\"wp-block-list\"><li>Limit\u0103m durata de stocare a datelor dvs. personale la perioada atingerii scopurilor pentru care v\u0103 solicit\u0103m datele cu caracter personal, precum \u0219i pentru \u00eendeplinirea obliga\u021biilor legale ale subscrisei.<\/li><li>Revizuim necesitatea p\u0103str\u0103rii \u00een continuare a datelor dvs. personale, \u00een fiecare an analizam datele colectate si prelucrate, \u00een vederea filtrarii, sortarii si mentinerii prelucrarii doar pentru datele in cazul carora scopul prelucrarii este actual.<\/li><li>\u00cen cazul \u00een care \u00een urma mesajului transmis de dvs., vom \u00eencheia un contract, acesta va cuprinde not\u0103 de informare referitoare la protec\u021bia datelor cu caracter personal \u00een care v\u0103 vor fi f\u0103cute cunoscute toate temeiurile legale \u00een baza c\u0103rora datele dvs. vor fi prelucrate treptat : acordare serviciu, stocare, perioada de arhivare, stergere, etc.<\/li><\/ul>\n\n\n\n<ol class=\"wp-block-list\" start=\"9\"><li>Dezv\u0103luim datele dvs. personale?<\/li><\/ol>\n\n\n\n<hr class=\"wp-block-separator\"\/>\n\n\n\n<ul class=\"wp-block-list\"><li>Societatea noastr\u0103 nu dezv\u0103luie datele dvs. personale, dec\u00e2t dac\u0103 se \u00eencheie un contract \u0219i acest lucru este necesar pentru executarea contractului sau exist\u0103 anumite obliga\u021bii legale \u00een sarcina subscrisei care presupun dezv\u0103luirea datelor dvs. personale.<\/li><li>Amintim c\u0103 garant\u0103m confiden\u021bialitatea strict\u0103 a datelor dvs. personale \u0219i a mesajelor pe care ni le transmite\u021bi, p\u0103strarea confiden\u021bialit\u0103\u021bii fiind valoare esen\u021bial\u0103 pentru noi.<\/li><\/ul>\n\n\n\n<ol class=\"wp-block-list\" start=\"10\"><li>Transfer\u0103m datele dvs. personale \u00een afara UE sau SEE?<\/li><\/ol>\n\n\n\n<hr class=\"wp-block-separator\"\/>\n\n\n\n<p>Nu transfer\u0103m datele dvs. personale:<\/p>\n\n\n\n<ul class=\"wp-block-list\"><li>\u00een \u0163\u0103ri din afara UE sau SEE;<\/li><li>c\u0103tre organiza\u0163ii interna\u0163ionale din afara UE sau SEE.<\/li><\/ul>\n\n\n\n<ol class=\"wp-block-list\" start=\"11\"><li>Sunt datele dvs. personale \u00een siguran\u0163\u0103?<\/li><\/ol>\n\n\n\n<hr class=\"wp-block-separator\"\/>\n\n\n\n<p>V\u0103 \u0163inem \u00een siguran\u0163\u0103 datele personale:<\/p>\n\n\n\n<ul class=\"wp-block-list\"><li>cu m\u0103suri tehnice corespunz\u0103toare;<\/li><li>cu m\u0103suri organizatorice adecvate;<\/li><li>cu un nivel adecvat de securitate;<\/li><li>cu m\u0103suri \u00eempotriva prelucr\u0103rii neautorizate;<\/li><li>cu m\u0103suri \u00eempotriva prelucr\u0103rii ilegale;<\/li><li>cu m\u0103suri \u00eempotriva pierderii accidentale sau ilegale;<\/li><li>cu m\u0103suri \u00eempotriva distrugerii accidentale sau ilegale;<br>Dac\u0103 avem un grad de certitudine rezonabil c\u0103 s-a produs \u00eenc\u0103lcare a securit\u0103\u0163ii<br>prelucr\u0103rii datelor dvs. personale, atunci:<\/li><li>raport\u0103m incidentul de securitate catre managementul companiei noastre.<\/li><li>desemn\u0103m persoana responsabil\u0103 pentru:<br>A. a analiza dac\u0103 \u00eenc\u0103lcarea securit\u0103\u0163ii poate avea efecte nefavorabile pentru dvs.;<br>B. a informa personalul relevant din cadrul subscrisei;<br>C. a determina \u00een ce m\u0103sur\u0103 este necesar\u0103 notificarea Autorit\u0103\u0163ii de Supraveghere cu privire la incidentul de securitate;<br>D. a stabili dac\u0103 este necesar s\u0103 v\u0103 comunic\u0103m informa\u0163ii despre incidentul de securitate.<\/li><li>investig\u0103m incidentul de securitate.<\/li><li>\u00eencerc\u0103m s\u0103 \u00eempiedic\u0103m incidentul de securitate s\u0103 duc\u0103 la:<br>A. distrugerea accidentala sau ilegala a datelor personale;<br>B. pierderea accidental\u0103 sau ilegal\u0103 a controlului datelor cu caracter personal;<br>C. pierderea accidental\u0103 sau ilegal\u0103 a accesului la datele cu caracter personal;<br>D. alterarea accidental\u0103 sau ilegal\u0103 a datelor cu caracter personal;<br>E. divulgarea neautorizat\u0103 a datelor cu caracter personal;<br>F. acces neautorizat la datele cu caracter personal.<\/li><li>depunem toate eforturile pentru atenuarea riscului imediat de producere a unui prejudiciu.<\/li><li>notific\u0103m Autoritatea de Supraveghere cu privire la incidentul de securitate, daca \u00eenc\u0103lcarea este susceptibil\u0103 s\u0103 duc\u0103 la un risc ridicat pentru drepturile \u0219i libertatile dvs.<\/li><li>v\u0103 inform\u0103m despre \u00eenc\u0103lcarea securit\u0103\u0163ii:<br>A. dac\u0103 \u00eenc\u0103lcarea este susceptibil\u0103 s\u0103 duc\u0103 la un risc ridicat pentru drepturile \u0219i libert\u0103\u0163ile<br>dumneavoastr\u0103;<br>B. c\u00e2t mai repede posibil;<br>C. prin canale de contact adecvate, de ex. prin e-mail, pe site-ul nostru etc.<\/li><li>nu suntem obliga\u0163i s\u0103 v\u0103 inform\u0103m direct dac\u0103:<br>A. am luat m\u0103suri pentru a face ca datele dvs. personale s\u0103 fie incomprehensibile oric\u0103rei<br>persoane care nu este autorizat\u0103 s\u0103 le acceseze;<br>B. imediat dup\u0103 incidentul de securitate, am luat m\u0103suri pentru a ne asigura c\u0103 riscul ridicat pentru drepturile \u0219i libert\u0103\u0163ile dvs. nu mai este posibil s\u0103 se produc\u0103;<br>C. ar implica eforturi dispropor\u0163ionate. \u00centr-un astfel de caz, v\u0103 vom informa prin intermediul re\u0163elelor publice.<\/li><\/ul>\n\n\n\n<ol class=\"wp-block-list\" start=\"12\"><li>Care sunt drepturile dumneavoastr\u0103 referitoare la datele dumneavoastr\u0103 cu caracter personal?<\/li><\/ol>\n\n\n\n<hr class=\"wp-block-separator\"\/>\n\n\n\n<ul class=\"wp-block-list\"><li>Potrivit Regulamentului nr.679\/2016 \u00een calitate de persoan\u0103 vizat\u0103 beneficia\u021bi de un cumul de drepturi, respectiv:<\/li><li>Dreptul la informare \u0219i acces la date cu caracter personal: dreptul de a ob\u021bine o confirmare a faptului c\u0103 se prelucreaz\u0103 sau nu date cu caracter personal care v\u0103 privesc \u0219i, \u00een caz afirmativ, acces la datele respective.<\/li><li>Dreptul la rectificare: dreptul de a solicita Operatorului \u0219i de a ob\u021bine, f\u0103r\u0103 \u00eent\u00e2rzieri nejustificate, rectificarea datelor cu caracter personal inexacte care v\u0103 privesc \u0219i\/sau de a ob\u021bine completarea datelor cu caracter personal care sunt incomplete.<\/li><li>Dreptul la stergerea datelor (\u201edreptul de a fi uitat\u201d): dreptul de a ob\u021bine \u0219tergerea datelor cu caracter personal care v\u0103 privesc, f\u0103r\u0103 \u00eent\u00e2rzieri nejustificate, \u00een cazurile prev\u0103zute \u00een Regulamentul nr.679\/2016.<\/li><li>Dreptul la restrictionarea prelucrarii: dreptul de a obtine restrictionarea prelucrarii \u00een anumite cazuri.<\/li><li>Dreptul la portabilitatea datelor: dreptul de a primi datele cu caracter personal care v\u0103 privesc \u0219i de a le transmite c\u0103tre un alt operator.<\/li><li>Dreptul la opozi\u021bie: dreptul de a v\u0103 opune \u00een orice moment prelucr\u0103rii datelor cu caracter personal care v\u0103 privesc, \u00een condi\u021biile Regulamentului nr.679\/2016.<\/li><li>Dreptul de a nu face obiectul unei decizii bazate exclusiv pe prelucrarea automata, inclusiv crearea de profiluri, care produce efecte juridice care v\u0103 privesc sau v\u0103 afecteaz\u0103 \u00een mod similar \u00eentr-m\u0103sur\u0103 semnificativ\u0103.<\/li><li>Dreptul s\u0103 v\u0103 adresa\u021bi cu pl\u00e2ngere Autorit\u0103\u021bii Na\u021bionale de Supraveghere a Prelucr\u0103rii Datelor cu Caracter Personal (ANSPDCP) \u00een situa\u021bia \u00een care considera\u021bi c\u0103 datele dumneavoastr\u0103 nu au fost prelucrate \u00een conformitate cu prevederile legale.<\/li><li>Drepturile enumerate mai sus nu sunt absolute. Exist\u0103 excep\u021bii, de aceea fiecare cerere primit\u0103 va fi analizat\u0103 astfel \u00eencat s\u0103 decidem dac\u0103 este intemeiat\u0103 sau nu. \u00cen masura \u00een care cererea este \u00eentemeiat\u0103, v\u0103 vom facilita exercitarea drepturilor. Dac\u0103 cererea este neintemeiat\u0103 sau exist\u0103 un motiv legal, vom respinge, \u00eens\u0103 v\u0103 vom informa asupra motivelor refuzului \u0219i asupra drepturilor de a depune pl\u00e2ngere la Autoritatea de<\/li><li>Supraveghere \u0219i de a v\u0103 adresa instan\u021belor judecatore\u0219ti competente.<\/li><\/ul>\n\n\n\n<ol class=\"wp-block-list\" start=\"13\"><li>Cum v\u0103 pute\u0163i exercita drepturile?<\/li><\/ol>\n\n\n\n<hr class=\"wp-block-separator\"\/>\n\n\n\n<p>V\u0103 invit\u0103m s\u0103 comunica\u0163i cu noi despre exercitarea drepturilor dvs. privind protec\u0163ia<br>datelor dvs. personale.<br>Accept\u0103m numai solicit\u0103ri scrise, deoarece nu putem face fa\u0163\u0103 solicit\u0103rilor verbale<br>imediat, f\u0103r\u0103 s\u0103 analiz\u0103m mai \u00eent\u00e2i con\u0163inutului cererii \u0219i f\u0103r\u0103 s\u0103 v\u0103 identific\u0103m mai \u00eent\u00e2i.<br>Cererea dvs. trebuie s\u0103 con\u0163in\u0103 descriere detaliat\u0103 \u0219i precis\u0103 a dreptului pe care dori\u0163i<br>s\u0103-l exercita\u0163i.<br>Trebuie s\u0103 ne furniza\u0163i copie a unui document de identificare pentru a v\u0103 confirma<br>identitatea ca, de exemplu:<\/p>\n\n\n\n<ul class=\"wp-block-list\"><li>carte de identitate;<\/li><li>pa\u0219aport.<br>Folosirea informa\u0163iilor din documentul dvs. de identificare:<\/li><li>este limitat\u0103 la activitatea de confirmare a identit\u0103\u0163ii dvs.;<\/li><li>nu va genera stocare a datelor dvs. personale mai mult dec\u00e2t este necesar \u00een acest scop<br>sau in interes legitim, la care a\u021bi consim\u021bit prin transmiterea documentului.<br>Dac\u0103 depunem toate eforturile \u0219i nu reu\u0219im s\u0103 v\u0103 identific\u0103m, iar dumneavoastr\u0103 nu ne<br>furniza\u021bi informa\u021bii suplimentare care s\u0103 ne ajute s\u0103 v\u0103 identific\u0103m, nu suntem obliga\u021bi s\u0103<br>d\u0103m curs solicit\u0103rii dvs.<br>Pute\u0163i trimite solicitarea dvs. referitoare la protec\u0163ia datelor dvs. personale la:<\/li><li>adresa de e-mail: office@hoteltimisoara.ro<\/li><li>direct la sediul nostru.<br>Ve\u0163i primi r\u0103spunsul nostru la cererile dvs. care vizeaz\u0103 protec\u0163ia datelor dvs. personale<br>pe formularul nostru web direct la adresele dvs. de contact comunicate oficial c\u0103tre noi:<br>e-mail, adresa de domiciliu, locul de munca etc.<br>V\u0103 inform\u0103m c\u0103 subscrisa va r\u0103spunde cererilor dumneavoastr\u0103 prin acela\u0219i mod de<br>comunicare \u00een care ne ve\u021bi transmite cererile(po\u0219t\u0103, e-mail, etc), cu excep\u021bia situa\u021biei \u00een<br>care ne ve\u021bi indica \u00een cerere un mijloc de comunicare mai pu\u021bin costisitor pentru subscrisa.<br>Am implementat politici care ne asigur\u0103 faptul c\u0103 cerere privind protec\u0163ia datelor dvs.<br>personale este recunoscut\u0103 \u0219i solu\u0163ionat\u0103 in termenele prev\u0103zute de lege.<br>Vom \u00eencerca s\u0103 raspundem solicit\u0103rii dumneavoastr\u0103 \u00een termen de 1 lun\u0103 de la primirea<br>cererii. Cu toate acestea, termenul poate fi prelungit \u00een condi\u021biile legii, cu 2 luni, \u00een functie<br>de diferite aspecte, precum complexitatea cererii, numarul mare de cereri primite sau<br>imposibilitatea de a v\u0103 identifica \u00eentr-un termen util. \u00cen situa\u021bia \u00een care nu v\u0103 vom putea<br>r\u0103spunde \u00een termenul de 1 lun\u0103, \u00een acest termen v\u0103 vom informa cu privire la prelungirea<br>termenului de r\u0103spuns \u0219i cu privire la motivele prelungirii.<br>Totu\u0219i, \u00een cazul \u00een care vom aprecia c\u0103 cererile dumneavoastr\u0103 sunt v\u0103dit nefondate,<br>excesive \u00een special din cauza caracterului repetitive al acestora, atunci:<br>(I) Fie vom refuza s\u0103 d\u0103m curs cererii;<br>(II) Fie v\u0103 vom solicita plata unei taxe \u021bin\u00e2nd cont de costurile administrative pentru<br>firnizarea informa\u021biilor solicitate sau pentru comunicarea acestora, sau pentru luarea<br>m\u0103surilor solicitate.<\/li><li>Pentru si mai multe detalii puteti consulta urmatoatele acte normative:<br>\u25cf Regulamentul (UE) 2016\/679 privind protectia persoanelor fizice in ceea ce priveste<br>prelucrarea datelor cu caracter personal.<br>\u25cf Legea nr. 506\/2004 privind prelucrarea datelor cu caracter personal si protectia vietii private<br>in sectorul comunicatiilor electronice.<\/li><\/ul>\n","protected":false},"excerpt":{"rendered":"<p>POLITICA DE PRELUCRARE \u0218I PROTEC\u021aIE A DATELOR CU CARACTER PERSONAL Ce presupune politica de prelucrare \u0219i protec\u021bie a datelor cu caracter personal? Scopul acestei Politici este s\u0103 v\u0103 explice ce date prelucr\u0103m, de ce le prelucr\u0103m \u0219i ce facem cu ele. Societatea noastr\u0103 utilizeaz\u0103 mijloace tehnice pentru stocarea datelor \u00een condi\u021bii de securitate. Societatea noastr\u0103&hellip; <a class=\"more-link\" href=\"https:\/\/hoteltimisoara.ro\/en\/gdpr\/\">Continue reading <span class=\"screen-reader-text\">GDPR<\/span><\/a><\/p>\n","protected":false},"author":1,"featured_media":0,"parent":0,"menu_order":0,"comment_status":"closed","ping_status":"closed","template":"","meta":{"footnotes":""},"class_list":["post-225","page","type-page","status-publish","hentry","entry"],"_links":{"self":[{"href":"https:\/\/hoteltimisoara.ro\/en\/wp-json\/wp\/v2\/pages\/225","targetHints":{"allow":["GET"]}}],"collection":[{"href":"https:\/\/hoteltimisoara.ro\/en\/wp-json\/wp\/v2\/pages"}],"about":[{"href":"https:\/\/hoteltimisoara.ro\/en\/wp-json\/wp\/v2\/types\/page"}],"author":[{"embeddable":true,"href":"https:\/\/hoteltimisoara.ro\/en\/wp-json\/wp\/v2\/users\/1"}],"replies":[{"embeddable":true,"href":"https:\/\/hoteltimisoara.ro\/en\/wp-json\/wp\/v2\/comments?post=225"}],"version-history":[{"count":2,"href":"https:\/\/hoteltimisoara.ro\/en\/wp-json\/wp\/v2\/pages\/225\/revisions"}],"predecessor-version":[{"id":832,"href":"https:\/\/hoteltimisoara.ro\/en\/wp-json\/wp\/v2\/pages\/225\/revisions\/832"}],"wp:attachment":[{"href":"https:\/\/hoteltimisoara.ro\/en\/wp-json\/wp\/v2\/media?parent=225"}],"curies":[{"name":"wp","href":"https:\/\/api.w.org\/{rel}","templated":true}]}}